{"id":72488,"date":"2024-08-13T07:02:32","date_gmt":"2024-08-13T05:02:32","guid":{"rendered":"https:\/\/soho-graz.at\/imprint\/"},"modified":"2025-05-12T12:30:21","modified_gmt":"2025-05-12T10:30:21","slug":"imprint","status":"publish","type":"page","link":"https:\/\/soho-graz.at\/en\/imprint\/","title":{"rendered":"Imprint"},"content":{"rendered":"\t\t<div data-elementor-type=\"wp-page\" data-elementor-id=\"72488\" class=\"elementor elementor-72488 elementor-15849\" data-elementor-post-type=\"page\">\n\t\t\t\t<div class=\"elementor-element elementor-element-5982e35 e-flex e-con-boxed e-con e-parent\" data-id=\"5982e35\" data-element_type=\"container\">\n\t\t\t\t\t<div class=\"e-con-inner\">\n\t\t\t\t<div class=\"elementor-element elementor-element-5673c31 elementor-widget elementor-widget-heading\" data-id=\"5673c31\" data-element_type=\"widget\" data-widget_type=\"heading.default\">\n\t\t\t\t<div class=\"elementor-widget-container\">\n\t\t\t\t\t<h1 class=\"elementor-heading-title elementor-size-default\">Imprint<\/h1>\t\t\t\t<\/div>\n\t\t\t\t<\/div>\n\t\t\t\t<div class=\"elementor-element elementor-element-69fc958 elementor-widget elementor-widget-text-editor\" data-id=\"69fc958\" data-element_type=\"widget\" data-widget_type=\"text-editor.default\">\n\t\t\t\t<div class=\"elementor-widget-container\">\n\t\t\t\t\t\t\t\t\t<p data-renderer-start-pos=\"14\">Duty to inform according to \u00a75 E-Commerce Act, \u00a714 Company Code, \u00a763 Trade Regulation Act and duty of disclosure according to \u00a725 Media Act.<\/p><h3 data-renderer-start-pos=\"158\"><strong>MCS GmbH &amp; Co KG<\/strong><\/h3><h6>soho Lifestyle Club &amp; Rooms<\/h6><p>Packerstra\u00dfe 149 A<br>8561 S\u00f6ding \u2013 St. Johann<\/p><p data-renderer-start-pos=\"232\"><strong>Tel.:<\/strong> <a href=\"tel:+43313555577\">+43 3135 55577<\/a><br><strong>E-Mail:<\/strong> <a href=\"mailto:club@soho-graz.at\"><span class=\"elementor-icon-list-text\">club@soho-graz.at<\/span><\/a><br><strong>Internet:<\/strong> <a href=\"https:\/\/soho-graz.at\/\">www.soho-graz.at<\/a><\/p><p data-renderer-start-pos=\"317\"><strong data-renderer-mark=\"true\">Gesch\u00e4ftsf\u00fchrer:<\/strong> Mag. Dr. K\u00fcrzl Gerwin<br><strong data-renderer-mark=\"true\">Gesch\u00e4ftsf\u00fchrer:<\/strong> Ing. Dipl.-Wirt.-Ing. (FH) Kremnitzer Klaus<br><strong data-renderer-mark=\"true\">Gesellschafter<\/strong>: Mag. Dr. K\u00fcrzl Gerwin (Anteil: 50 %)<br><strong data-renderer-mark=\"true\">Gesellschafter<\/strong>: Ing. Dipl.-Wirt.-Ing. (FH) Kremnitzer Klaus (Anteil: 50 %)<br><strong>Kommanditist<\/strong>: Mag. Dr. K\u00fcrzl Gerwin (Anteil: 50 %)<br><strong>Kommanditist<\/strong>: Ing. Dipl.-Wirt.-Ing. (FH) Kremnitzer Klaus (Anteil: 50 %)<\/p><p data-renderer-start-pos=\"602\"><strong data-renderer-mark=\"true\">Sales tax identification number according to \u00a7 27 a sales tax law:<\/strong><\/p><p data-renderer-start-pos=\"671\"><strong>UID:<\/strong> ATU65465329<\/p><p data-renderer-start-pos=\"689\"><strong data-renderer-mark=\"true\">Job title: <\/strong>Hospitality industry in the hotel operating mode<\/p><p data-renderer-start-pos=\"962\"><strong data-renderer-mark=\"true\">Trade authority: <\/strong>Bezirkshauptmannschaft Graz-Umgebung<br><strong data-renderer-mark=\"true\">Awarding state: <\/strong>AUSTRIA<\/p><p data-renderer-start-pos=\"1040\"><strong data-renderer-mark=\"true\">Design &amp; implementation:<\/strong><\/p><p><a href=\"https:\/\/devconnect.at\/\" target=\"_blank\" rel=\"noopener\"><img decoding=\"async\" class=\"wp-image-72492 size-medium\" src=\"https:\/\/soho-graz.at\/wp-content\/uploads\/2025\/04\/Logo-600x134-black-300x67.png\" alt=\"Devconnect e.U.\" width=\"300\" height=\"67\" srcset=\"https:\/\/soho-graz.at\/wp-content\/uploads\/2025\/04\/Logo-600x134-black-300x67.png 300w, https:\/\/soho-graz.at\/wp-content\/uploads\/2025\/04\/Logo-600x134-black.png 600w\" sizes=\"(max-width: 300px) 100vw, 300px\" \/><\/a><\/p><p data-renderer-start-pos=\"1078\"><strong data-renderer-mark=\"true\">Responsible for concept and content:<br><\/strong>Ing. Dipl.-Wirt.-Ing. (FH) Kremnitzer Klaus<\/p><p data-renderer-start-pos=\"1133\"><strong data-renderer-mark=\"true\">EU dispute resolution<br><\/strong>Information on online dispute resolution: Consumers have the option of submitting complaints to the EU&#8217;s online dispute resolution platform: <a class=\"cc-1rn59kg\" title=\"http:\/\/ec.europa.eu\/odr\" href=\"http:\/\/ec.europa.eu\/odr\" data-testid=\"link-with-safety\" data-renderer-mark=\"true\" target=\"_blank\" rel=\"noopener\">http:\/\/ec.europa.eu\/odr<\/a>. You can also send any complaints to the e-mail address given above. However, we would like to point out that we are not willing or obliged to participate in dispute resolution proceedings before a consumer arbitration board.  <\/p><p data-renderer-start-pos=\"1578\"><strong data-renderer-mark=\"true\">Liability for the content of this website<br><\/strong>We are constantly developing the content of this website and endeavor to provide correct and up-to-date information. Unfortunately, we cannot accept any liability for the accuracy of all content on this website, especially that provided by third parties. If you notice any problematic or illegal content, please contact us immediately, you will find the contact details in the imprint.  <\/p><p data-renderer-start-pos=\"2052\"><strong data-renderer-mark=\"true\">Liability for links on this website<br><\/strong>Our website contains links to other websites for whose content we are not responsible. If you notice any illegal links on our website, please contact us, you will find the contact details in the imprint. <\/p><p data-renderer-start-pos=\"2330\"><strong data-renderer-mark=\"true\">Copyright notice<br><\/strong>All content on this website (images, photos, texts, videos) is subject to copyright. If necessary, we will prosecute the unauthorized use of parts of the contents of our site. <\/p><p data-renderer-start-pos=\"2551\"><strong data-renderer-mark=\"true\">photo credit: <\/strong>MCS GmbH &amp; Co KG, Freepik<\/p>\t\t\t\t\t\t\t\t<\/div>\n\t\t\t\t<\/div>\n\t\t\t\t\t<\/div>\n\t\t\t\t<\/div>\n\t\t\t\t<\/div>\n\t\t","protected":false},"excerpt":{"rendered":"<p>Duty to inform according to \u00a75 E-Commerce Act, \u00a714 Company Code, \u00a763 Trade Regulation Act and duty of disclosure according to \u00a725 Media Act. MCS GmbH &amp; Co KG soho Lifestyle Club &amp; Rooms Packerstra\u00dfe 149 A8561 S\u00f6ding \u2013 St. Johann Tel.: +43 3135 55577E-Mail: club@soho-graz.atInternet: www.soho-graz.at Gesch\u00e4ftsf\u00fchrer: Mag. Dr. K\u00fcrzl GerwinGesch\u00e4ftsf\u00fchrer: Ing. Dipl.-Wirt.-Ing. (FH) &#8230; <a title=\"Imprint\" class=\"read-more\" href=\"https:\/\/soho-graz.at\/en\/imprint\/\" aria-label=\"Read more about Imprint\">Read more<\/a><\/p>\n","protected":false},"author":1,"featured_media":0,"parent":0,"menu_order":0,"comment_status":"closed","ping_status":"closed","template":"elementor_header_footer","meta":{"_acf_changed":false,"footnotes":""},"class_list":["post-72488","page","type-page","status-publish"],"acf":[],"_links":{"self":[{"href":"https:\/\/soho-graz.at\/en\/wp-json\/wp\/v2\/pages\/72488","targetHints":{"allow":["GET"]}}],"collection":[{"href":"https:\/\/soho-graz.at\/en\/wp-json\/wp\/v2\/pages"}],"about":[{"href":"https:\/\/soho-graz.at\/en\/wp-json\/wp\/v2\/types\/page"}],"author":[{"embeddable":true,"href":"https:\/\/soho-graz.at\/en\/wp-json\/wp\/v2\/users\/1"}],"replies":[{"embeddable":true,"href":"https:\/\/soho-graz.at\/en\/wp-json\/wp\/v2\/comments?post=72488"}],"version-history":[{"count":4,"href":"https:\/\/soho-graz.at\/en\/wp-json\/wp\/v2\/pages\/72488\/revisions"}],"predecessor-version":[{"id":73215,"href":"https:\/\/soho-graz.at\/en\/wp-json\/wp\/v2\/pages\/72488\/revisions\/73215"}],"wp:attachment":[{"href":"https:\/\/soho-graz.at\/en\/wp-json\/wp\/v2\/media?parent=72488"}],"curies":[{"name":"wp","href":"https:\/\/api.w.org\/{rel}","templated":true}]}}