{"id":75367,"date":"2025-04-11T12:53:28","date_gmt":"2025-04-11T10:53:28","guid":{"rendered":"https:\/\/soho-graz.at\/?post_type=product&#038;p=75367"},"modified":"2026-03-04T20:15:48","modified_gmt":"2026-03-04T19:15:48","slug":"soho-presents-first-touches-8","status":"publish","type":"product","link":"https:\/\/soho-graz.at\/en\/produkt\/soho-presents-first-touches-8\/","title":{"rendered":"&#8220;soho presents &#8211; first touches&#8221;"},"content":{"rendered":"<div class=\"eventon_desc_in\">\n<h4><strong>FIRST TOUCHES &#8211; the perfect event for beginners &amp; the curious!<\/strong><\/h4>\n<p>A fleeting glance, a gentle touch and a seductive flirt &#8211; welcome to an unforgettable event for couples and single ladies who want to embark on a new erotic journey of discovery. The ribbons are your key to interaction and offer a \u201cplayful\u201d way to communicate desires and boundaries. Whether you are curious to watch, intrigued to get to know each other or excited for more &#8211; on this evening, a world full of sensual possibilities unfolds in an elegant ambience, where couples can experience pleasurable moments and share secret fantasies with each other.  <\/p>\n<p>Right at the entrance, the question arises: Which ribbon speaks to you \u2013 the blue one or the golden one?<br \/>The blue ribbon is for those who wish to gently immerse themselves in the atmosphere and start by simply observing.<br \/>The golden ribbon, on the other hand, signals a clear \u201cyes\u201d to more intense experiences and the desire to fully surrender to pleasure.<br \/>At any time during the evening, you are free to change your choice.   <\/p>\n<p>Let yourselves be carried away by the magic of the moment and discover the thrilling facets of interaction.<br \/>Experienced guests are also warmly welcome and can look forward to an intoxicating evening full of possibilities! <\/p>\n<h6><\/h6>\n<p><strong>soho:<\/strong> our guests can expect fine culinary delicacies, first-class drinks and different design rooms with high-quality furnishings.<\/p>\n<p><strong>sound:<\/strong> international sound of soho<\/p>\n<p><strong>society:<\/strong> admission from 20:30 to 21:30 only for couples and single ladies in evening dress. For all beginners and the curious who want to expand their erotic horizons. The number of guests is limited, please register in advance.  <\/p>\n<p><strong>Dress code: Dress to impress &#8211; for an unforgettable evening!<\/strong><br \/>\nA well-groomed appearance not only shows style, but also respect and appreciation for the other guests. And that&#8217;s exactly what makes our special evenings so unique. <\/p>\n<p><strong>Ladies first: <\/strong>Whether it&#8217;s classic in a <em>little black dress,<\/em> elegant with a skirt and a seductive top or an exciting dress &#8211; whatever you like and makes you shine is allowed. If you like to be a little more revealing or erotic, you can of course also wear stylish lingerie. There are (almost) no limits to your imagination &#8211; the main thing is that you feel comfortable and sexy!  <\/p>\n<p><strong>Gentlemen take note: <\/strong>A suit or dinner jacket is the perfect choice &#8211; modern, classic or festive &#8211; a long-sleeved shirt is of course a must and rounds off your look in style. Please refrain from wearing jeans, T-shirts, trainers\/sneakers and short-sleeved or strikingly printed shirts &#8211; they simply don&#8217;t match the special flair of the evening. <\/p>\n<p>&nbsp;<\/p>\n<p><strong>Included in the ticket price:<\/strong><\/p>\n<ul>\n<li>Admission to the event<\/li>\n<li>Finest selected drinks at the bar (excluding champagne, bottled spirits &amp; our selection of fine bottled wines)<\/li>\n<li>All delicacies from our exquisite finger food buffet (also vegetarian\/vegan)<\/li>\n<li>use of all premises<\/li>\n<li>parking area<\/li>\n<\/ul>\n<\/div>\n<p>&nbsp;<\/p>\n<p><strong>Shuttle &amp; Overnight Package<\/strong><\/p>\n<p>Our optional Shuttle &amp; Overnight Package for \u20ac159 (price per room for up to 2 people) includes one night&#8217;s accommodation (double room) at the <a href=\"https:\/\/www.radissonhotels.com\/en-us\/hotels\/radisson-graz?cid=a%3Ase+b%3Agmb+c%3Aemea+i%3Alocal+e%3Arad+d%3Acese+h%3AATGRZ1\" target=\"_blank\" rel=\"noopener\">RADISSON Hotel Graz<\/a> (Annenstra\u00dfe 67, 8020 Graz), including folgender Leistungen:<\/p>\n<ul>\n<li>Hotel check-in from 3:00 p.m.<\/li>\n<li>Shuttle service from the hotel to SOHO and back<\/li>\n<li>Breakfast buffet from 7:00 a.m. to 11:00 a.m.<\/li>\n<li>Late check out until 1 p.m.<\/li>\n<li>Underground parking space available at an additional cost and subject to availability<\/li>\n<\/ul>\n<p><em>(Blue parking zones are free of charge on Saturdays from 1:00 p.m. and all day on Sundays \u2013 please note the signs, as there may be occasional exceptions!)<\/em><\/p>\n<p>We will take care of the booking and processing. Any additional costs incurred must be paid directly at the hotel. <\/p>\n<p>The hotel was newly opened in 2024 and is centrally located near Graz&#8217;s old town, just a few minutes&#8217; walk from the main train station and about 20 minutes from Graz Airport.<\/p>\n<p><span style=\"color: #ff0000;\"><strong>The hotel is located on the northern outskirts of Graz, approximately 10 minutes from the airport and 15 minutes from SOHO, and is easily accessible by car.ACHTUNG: Aus organisatorischen Gr\u00fcnden bitten wir euch, Tickets inklusive des \u00dcbernachtungspakets bis sp\u00e4testens 1 Woche vor dem Veranstaltungsdatum zu buchen. Nach diesem Zeitpunkt k\u00f6nnen Reservierungen nur noch nach Verf\u00fcgbarkeit vorgenommen werden.  Thank you for your understanding!<\/strong><\/span><\/p>\n<div class=\"eventon_desc_in\">\n<p>&nbsp;<\/p>\n<p data-start=\"193\" data-end=\"214\"><strong data-start=\"193\" data-end=\"214\">CANCELLATION POLICY:<\/strong> Sometimes life gets in the way \u2013 we understand that. Please let us know at least<strong data-start=\"299\" data-end=\"338\"> one week before the event<\/strong> if you are unable to attend. In this case, we will refund the <strong data-start=\"455\" data-end=\"470\">ticket price<\/strong> already paid by credit card or rebook you for another date free of charge.  <\/p>\n<p data-start=\"529\" data-end=\"713\">Unfortunately, ticket prices cannot be refunded for cancellations made during the event week \u2013 however, we always endeavour to find a <strong data-start=\"541\" data-end=\"562\">fair solution regarding the ticket.<\/strong><\/p>\n<p data-start=\"715\" data-end=\"1055\"><span style=\"color: #ff0000;\"><strong data-start=\"715\" data-end=\"769\">Important information about the shuttle &amp; overnight package:<\/strong><\/span><br data-start=\"769\" data-end=\"772\"><span style=\"color: #ff0000;\"><strong data-start=\"806\" data-end=\"837\">The Shuttle &amp; Overnight Package<\/strong> booked as part of the event can be cancelled up to a <strong data-start=\"843\" data-end=\"889\">maximum of 7 days before the event<\/strong>. We are also subject to our<strong data-start=\"928\" data-end=\"960\"> hotel partner&#8217;s cancellation policy.<\/strong> <strong data-start=\"962\" data-end=\"1055\">A goodwill arrangement can therefore only apply to the event ticket.<\/strong> <\/span><\/p>\n<p data-start=\"1057\" data-end=\"1268\">For external events, the respective cancellation period of the external organiser applies to the <strong data-start=\"1095\" data-end=\"1105\">ticket;<\/strong> for the <strong data-start=\"1168\" data-end=\"1199\">Shuttle &amp; Overnight Package<\/strong>, the above-mentioned <strong data-start=\"1235\" data-end=\"1265\">7-day period before the event<\/strong> continues to apply.<\/p>\n<\/div>\n","protected":false},"excerpt":{"rendered":"<p>FIRST TOUCHES &#8211; the perfect event for beginners &amp; the curious! A fleeting glance, a gentle touch and a seductive flirt &#8211; welcome to an unforgettable event for couples and single ladies who want to embark on a new erotic journey of discovery. The ribbons are your key to interaction and offer a \u201cplayful\u201d way &#8230; <a title=\"&#8220;soho presents &#8211; first touches&#8221;\" class=\"read-more\" href=\"https:\/\/soho-graz.at\/en\/produkt\/soho-presents-first-touches-8\/\" aria-label=\"Read more about &#8220;soho presents &#8211; first touches&#8221;\">Read more<\/a><\/p>\n","protected":false},"featured_media":75371,"template":"","meta":{"_acf_changed":false},"product_brand":[],"product_cat":[485,486,487,501],"product_tag":[],"class_list":{"0":"post-75367","1":"product","2":"type-product","3":"status-publish","4":"has-post-thumbnail","6":"product_cat-event-en","7":"product_cat-date","8":"product_cat-april-en","9":"product_cat-shuttle-overnight-package","11":"first","12":"instock","13":"sold-individually","14":"taxable","15":"shipping-taxable","16":"purchasable","17":"product-type-variable"},"acf":[],"_links":{"self":[{"href":"https:\/\/soho-graz.at\/en\/wp-json\/wp\/v2\/product\/75367","targetHints":{"allow":["GET"]}}],"collection":[{"href":"https:\/\/soho-graz.at\/en\/wp-json\/wp\/v2\/product"}],"about":[{"href":"https:\/\/soho-graz.at\/en\/wp-json\/wp\/v2\/types\/product"}],"wp:featuredmedia":[{"embeddable":true,"href":"https:\/\/soho-graz.at\/en\/wp-json\/wp\/v2\/media\/75371"}],"wp:attachment":[{"href":"https:\/\/soho-graz.at\/en\/wp-json\/wp\/v2\/media?parent=75367"}],"wp:term":[{"taxonomy":"product_brand","embeddable":true,"href":"https:\/\/soho-graz.at\/en\/wp-json\/wp\/v2\/product_brand?post=75367"},{"taxonomy":"product_cat","embeddable":true,"href":"https:\/\/soho-graz.at\/en\/wp-json\/wp\/v2\/product_cat?post=75367"},{"taxonomy":"product_tag","embeddable":true,"href":"https:\/\/soho-graz.at\/en\/wp-json\/wp\/v2\/product_tag?post=75367"}],"curies":[{"name":"wp","href":"https:\/\/api.w.org\/{rel}","templated":true}]}}