{"id":75387,"date":"2025-04-25T13:07:03","date_gmt":"2025-04-25T11:07:03","guid":{"rendered":"https:\/\/soho-graz.at\/?post_type=product&#038;p=75387"},"modified":"2026-04-03T20:19:17","modified_gmt":"2026-04-03T18:19:17","slug":"soho-presents-young-passion-3","status":"publish","type":"product","link":"https:\/\/soho-graz.at\/en\/produkt\/soho-presents-young-passion-3\/","title":{"rendered":"&#8220;soho presents &#8211; young passion&#8221;"},"content":{"rendered":"<div class=\"eventon_desc_in\">\n<h4><strong>Young, Wild &amp; Seductive &#8211; The exclusive party for everyone under 45!<\/strong><\/h4>\n<p>Ready for a night full of tingling encounters and exciting sensuality? A world of seduction awaits you at soho, where passion and curiosity meet. <\/p>\n<p>Internationally renowned <em><strong>DJ Steevy Matheano <\/strong><\/em>will provide the perfect atmosphere with his beats to let go and enjoy new, exciting experiences. The music will be a little louder than usual on this evening &#8211; perfect for letting yourself fall into the rhythm and feeling the energy of the night.  <em>This party is specifically for a young and open-minded audience up to the age of 45.<\/em> Experience unforgettable moments in a unique atmosphere that combines freedom, eroticism and like-minded people.<\/p>\n<p>Immerse yourself in a sensual adventure that gives you the space to unfold and enjoy unforgettable encounters. Come by and embark on a night that will seduce you and redefine your boundaries!<\/p>\n<p>&nbsp;<\/p>\n<p><strong>soho<\/strong>: Our guests can expect fine culinary delicacies, first-class drinks and various design rooms (playgrounds) with high-quality equipment.<\/p>\n<p><strong>sound: <\/strong>Clubsound, House, Dance, Electro &amp; lasziv Beatswit<strong><em>h DJ Steevy Matheano<\/em><\/strong><\/p>\n<p><strong>society:<\/strong> admission from 20:30 to 21:30 for couples &amp; single ladies. The number of guests is limited, we ask for prior registration. <\/p>\n<p><strong>Dress code: Let&#8217;s dress up &amp; feel great!<\/strong><br \/>\nA well-groomed look shows your counterpart: <em>Hey, you&#8217;re important to me! <\/em>And that&#8217;s exactly what makes our evenings so special &#8211; when everyone dresses up a little and creates a stylish, sensual atmosphere together.<\/p>\n<p><strong>For our ladies: <\/strong>Whether it&#8217;s a classic <em>little black dress, <\/em>a chic skirt with a sexy top or a dress that simply <em>wows <\/em>&#8211; wear whatever makes you feel beautiful and desirable. For those who like it a little hotter: lingerie is also absolutely welcome. There are (almost) no limits to your imagination &#8211; the main thing is to be yourself.  <\/p>\n<p><strong data-start=\"67\" data-end=\"89\">For the gentlemen:<\/strong> a suit \u2013 classic or modern \u2013 with a long-sleeved shirt is the perfect choice. Pair it with matching, clean shoes or well-maintained trainers \u2013 and you&#8217;ll be perfectly dressed. Please refrain from wearing jeans, short-sleeved shirts and T-shirts, as they are not appropriate for the elegant setting of the evening.  <\/p>\n<p>&nbsp;<\/p>\n<p><strong>Included in the ticket price:<\/strong><\/p>\n<ul>\n<li>Admission to the event<\/li>\n<li>Finest selected drinks at the bar (excluding champagne, bottled spirits &amp; our selection of fine bottled wines)<\/li>\n<li>All delicacies from our exquisite finger food buffet (also vegetarian\/vegan)<\/li>\n<li>use of all premises<\/li>\n<li>parking area<\/li>\n<\/ul>\n<\/div>\n<p>&nbsp;<\/p>\n<p><strong>Shuttle &amp; Overnight Package<\/strong><\/p>\n<p>Our optional Shuttle &amp; Overnight Package for \u20ac159 (price per room for up to 2 people) includes one night&#8217;s accommodation (double room) at the <a href=\"https:\/\/www.radissonhotels.com\/en-us\/hotels\/radisson-graz?cid=a%3Ase+b%3Agmb+c%3Aemea+i%3Alocal+e%3Arad+d%3Acese+h%3AATGRZ1\" target=\"_blank\" rel=\"noopener\">RADISSON Hotel Graz<\/a> (Annenstra\u00dfe 67, 8020 Graz), including folgender Leistungen:<\/p>\n<ul>\n<li>Hotel check-in from 3:00 p.m.<\/li>\n<li>Shuttle service from the hotel to SOHO and back<\/li>\n<li>Breakfast buffet from 7:00 a.m. to 11:00 a.m.<\/li>\n<li>Late check out until 1 p.m.<\/li>\n<li>Underground parking space available at an additional cost and subject to availability<\/li>\n<\/ul>\n<p><em>(Blue parking zones are free of charge on Saturdays from 1:00 p.m. and all day on Sundays \u2013 please note the signs, as there may be occasional exceptions!)<\/em><\/p>\n<p>We will take care of the booking and processing. Any additional costs incurred must be paid directly at the hotel. <\/p>\n<p>The hotel was newly opened in 2024 and is centrally located near Graz&#8217;s old town, just a few minutes&#8217; walk from the main train station and about 20 minutes from Graz Airport.<\/p>\n<p><span style=\"color: #ff0000;\"><strong>The hotel is located on the northern outskirts of Graz, approximately 10 minutes from the airport and 15 minutes from SOHO, and is easily accessible by car.ACHTUNG: Aus organisatorischen Gr\u00fcnden bitten wir euch, Tickets inklusive des \u00dcbernachtungspakets bis sp\u00e4testens 1 Woche vor dem Veranstaltungsdatum zu buchen. Nach diesem Zeitpunkt k\u00f6nnen Reservierungen nur noch nach Verf\u00fcgbarkeit vorgenommen werden.  Thank you for your understanding!<\/strong><\/span><\/p>\n<div class=\"eventon_desc_in\">\n<p data-start=\"193\" data-end=\"214\">\n<p data-start=\"193\" data-end=\"214\"><strong data-start=\"193\" data-end=\"214\">CANCELLATION POLICY:<\/strong> Sometimes life gets in the way \u2013 we understand that. Please let us know at least<strong data-start=\"299\" data-end=\"338\"> one week before the event<\/strong> if you are unable to attend. In this case, we will refund the <strong data-start=\"455\" data-end=\"470\">ticket price<\/strong> already paid by credit card or rebook you for another date free of charge.  <\/p>\n<p data-start=\"529\" data-end=\"713\">Unfortunately, ticket prices cannot be refunded for cancellations made during the event week \u2013 however, we always endeavour to find a <strong data-start=\"541\" data-end=\"562\">fair solution regarding the ticket.<\/strong><\/p>\n<p data-start=\"715\" data-end=\"1055\"><span style=\"color: #ff0000;\"><strong data-start=\"715\" data-end=\"769\">Important information about the shuttle &amp; overnight package:<\/strong><\/span><br data-start=\"769\" data-end=\"772\"><span style=\"color: #ff0000;\">The <strong data-start=\"806\" data-end=\"837\">Shuttle &amp; Overnight Package<\/strong> booked as part of the event can be cancelled up to a <strong data-start=\"843\" data-end=\"889\">maximum of 7 days before the event.<\/strong> We are also subject to the <strong data-start=\"928\" data-end=\"960\">cancellation policy of our hotel partner.<\/strong> <strong data-start=\"962\" data-end=\"1055\">A goodwill arrangement can therefore only apply to the event ticket.<\/strong> <\/span><\/p>\n<p data-start=\"1057\" data-end=\"1268\">For external events, the respective cancellation period of the external organiser applies to the <strong data-start=\"1095\" data-end=\"1105\">ticket;<\/strong> for the <strong data-start=\"1168\" data-end=\"1199\">Shuttle &amp; Overnight Package<\/strong>, the above-mentioned <strong data-start=\"1235\" data-end=\"1265\">7-day period before the event<\/strong> continues to apply.<\/p>\n<\/div>\n","protected":false},"excerpt":{"rendered":"<p>Young, Wild &amp; Seductive &#8211; The exclusive party for everyone under 45! Ready for a night full of tingling encounters and exciting sensuality? A world of seduction awaits you at soho, where passion and curiosity meet. Internationally renowned DJ Steevy Matheano will provide the perfect atmosphere with his beats to let go and enjoy new, &#8230; <a title=\"&#8220;soho presents &#8211; young passion&#8221;\" class=\"read-more\" href=\"https:\/\/soho-graz.at\/en\/produkt\/soho-presents-young-passion-3\/\" aria-label=\"Read more about &#8220;soho presents &#8211; young passion&#8221;\">Read more<\/a><\/p>\n","protected":false},"featured_media":75391,"template":"","meta":{"_acf_changed":false},"product_brand":[],"product_cat":[485,486,487,501],"product_tag":[],"class_list":{"0":"post-75387","1":"product","2":"type-product","3":"status-publish","4":"has-post-thumbnail","6":"product_cat-event-en","7":"product_cat-date","8":"product_cat-april-en","9":"product_cat-shuttle-overnight-package","11":"first","12":"instock","13":"sold-individually","14":"taxable","15":"shipping-taxable","16":"purchasable","17":"product-type-variable"},"acf":[],"_links":{"self":[{"href":"https:\/\/soho-graz.at\/en\/wp-json\/wp\/v2\/product\/75387","targetHints":{"allow":["GET"]}}],"collection":[{"href":"https:\/\/soho-graz.at\/en\/wp-json\/wp\/v2\/product"}],"about":[{"href":"https:\/\/soho-graz.at\/en\/wp-json\/wp\/v2\/types\/product"}],"wp:featuredmedia":[{"embeddable":true,"href":"https:\/\/soho-graz.at\/en\/wp-json\/wp\/v2\/media\/75391"}],"wp:attachment":[{"href":"https:\/\/soho-graz.at\/en\/wp-json\/wp\/v2\/media?parent=75387"}],"wp:term":[{"taxonomy":"product_brand","embeddable":true,"href":"https:\/\/soho-graz.at\/en\/wp-json\/wp\/v2\/product_brand?post=75387"},{"taxonomy":"product_cat","embeddable":true,"href":"https:\/\/soho-graz.at\/en\/wp-json\/wp\/v2\/product_cat?post=75387"},{"taxonomy":"product_tag","embeddable":true,"href":"https:\/\/soho-graz.at\/en\/wp-json\/wp\/v2\/product_tag?post=75387"}],"curies":[{"name":"wp","href":"https:\/\/api.w.org\/{rel}","templated":true}]}}