{"id":75398,"date":"2025-05-02T13:25:28","date_gmt":"2025-05-02T11:25:28","guid":{"rendered":"https:\/\/soho-graz.at\/?post_type=product&#038;p=75398"},"modified":"2026-02-05T22:33:29","modified_gmt":"2026-02-05T21:33:29","slug":"soho-presents-behind-the-mask-2","status":"publish","type":"product","link":"https:\/\/soho-graz.at\/en\/produkt\/soho-presents-behind-the-mask-2\/","title":{"rendered":"&#8220;soho presents &#8211; behind the mask&#8221;"},"content":{"rendered":"<div class=\"eventon_desc_in\">\n<h4><strong>Unleash your secret desires in a night full of mystery and seduction!<\/strong><\/h4>\n<p>Let yourself be whisked away into a hidden world where masks not only cover faces, but also blur the boundaries between reality and fantasy. A mysterious atmosphere full of tingling excitement awaits you, where the air literally crackles with seduction. This exclusive event offers you the unique opportunity to explore your deepest desires in a protected, discreet environment and exchange ideas with like-minded people who share your passion and curiosity.  <\/p>\n<p>Dare to let the covers fall &#8211; not the mask, but your inhibitions. Enter the world where anything is possible and let yourself be enveloped by the magic of this night. Fine company, a sophisticated atmosphere and elegant evening wear.  <\/p>\n<p><strong>Masks are compulsory at this event! Various Venetian masks can also be purchased directly from us. <\/strong><\/p>\n<p>&nbsp;<\/p>\n<p><strong>soho:<\/strong> Our guests can expect fine culinary delicacies, first-class drinks and various design rooms (playgrounds) with high-quality equipment.<\/p>\n<p><strong>sound:<\/strong> sensual bar sound of soho<\/p>\n<p><strong>society:<\/strong> Admission from 20:30 to 21:30 for couples and single ladies only. The number of guests is limited and we ask for prior registration. <\/p>\n<p><strong>Dress code: Dress to impress &#8211; for an unforgettable evening!<\/strong><br \/>\nA well-groomed appearance not only shows style, but also respect and appreciation for the other guests. And that&#8217;s exactly what makes our special evenings so unique. <\/p>\n<p><strong>Ladies first: <\/strong>Whether it&#8217;s classic in a <em>little black dress,<\/em> elegant with a skirt and a seductive top or an exciting dress &#8211; whatever you like and makes you shine is allowed. If you like to be a little more revealing or erotic, you can of course also wear stylish lingerie. There are (almost) no limits to your imagination &#8211; the main thing is that you feel comfortable and sexy!  <\/p>\n<p>Gentlemen, take note: Men should wear a dark suit \u2013 whether black, dark blue or charcoal grey \u2013 combined with a plain, long-sleeved shirt and a tie or bow tie, both of which are mandatory on this evening. The look can be classic or modern \u2013 the main thing is that it is neat and stylish. Jeans, trainers\/sneakers, short-sleeved or printed shirts are an absolute no-go on this evening.  <\/p>\n<p>&nbsp;<\/p>\n<p><strong>Included in the ticket price:<\/strong><\/p>\n<ul>\n<li>Admission to the event<\/li>\n<li>Finest selected drinks at the bar (excluding champagne, bottled spirits &amp; our selection of fine bottled wines)<\/li>\n<li>All delicacies from our exquisite finger food buffet (also vegetarian\/vegan)<\/li>\n<li>use of all premises<\/li>\n<li>parking area<\/li>\n<li>Late check out until 1 p.m.<\/li>\n<\/ul>\n<\/div>\n<p>&nbsp;<\/p>\n<p><strong>Shuttle &amp; Overnight Package<\/strong><\/p>\n<p>Our optional Shuttle &amp; Overnight Package for \u20ac159 (price per room for up to 2 people) includes one night&#8217;s accommodation (double room) at the <a href=\"https:\/\/www.radissonhotels.com\/en-us\/hotels\/radisson-graz?cid=a%3Ase+b%3Agmb+c%3Aemea+i%3Alocal+e%3Arad+d%3Acese+h%3AATGRZ1\" target=\"_blank\" rel=\"noopener\">RADISSON Hotel Graz<\/a> (Annenstra\u00dfe 67, 8020 Graz), including folgender Leistungen:<\/p>\n<ul>\n<li>Hotel check-in from 3:00 p.m.<\/li>\n<li>Shuttle service from the hotel to SOHO and back<\/li>\n<li>Breakfast buffet from 7:00 a.m. to 11:00 a.m.<\/li>\n<li>Late check out until 1 p.m.<\/li>\n<li>Underground parking space available at an additional cost and subject to availability<\/li>\n<\/ul>\n<p><em>(Blue parking zones are free of charge on Saturdays from 1:00 p.m. and all day on Sundays \u2013 please note the signs, as there may be occasional exceptions!)<\/em><\/p>\n<p>We will take care of the booking and processing. Any additional costs incurred must be paid directly at the hotel. <\/p>\n<p>The hotel was newly opened in 2024 and is centrally located near Graz&#8217;s old town, just a few minutes&#8217; walk from the main train station and about 20 minutes from Graz Airport.<\/p>\n<p><span style=\"color: #ff0000;\"><strong>The hotel is located on the northern outskirts of Graz, approximately 10 minutes from the airport and 15 minutes from SOHO, and is easily accessible by car.ACHTUNG: Aus organisatorischen Gr\u00fcnden bitten wir euch, Tickets inklusive des \u00dcbernachtungspakets bis sp\u00e4testens 1 Woche vor dem Veranstaltungsdatum zu buchen. Nach diesem Zeitpunkt k\u00f6nnen Reservierungen nur noch nach Verf\u00fcgbarkeit vorgenommen werden.  Thank you for your understanding!<\/strong><\/span><\/p>\n<div class=\"eventon_desc_in\">\n<p>&nbsp;<\/p>\n<p data-start=\"193\" data-end=\"214\"><strong data-start=\"193\" data-end=\"214\">CANCELLATION POLICY:<\/strong> Sometimes life gets in the way \u2013 we understand that. Please let us know at least<strong data-start=\"299\" data-end=\"338\"> one week before the event<\/strong> if you are unable to attend. In this case, we will refund the <strong data-start=\"455\" data-end=\"470\">ticket price<\/strong> already paid by credit card or rebook you for another date free of charge.  <\/p>\n<p data-start=\"529\" data-end=\"713\">Unfortunately, ticket prices cannot be refunded for cancellations made during the event week \u2013 however, we always endeavour to find a <strong data-start=\"541\" data-end=\"562\">fair solution regarding the ticket.<\/strong><\/p>\n<p data-start=\"715\" data-end=\"1055\"><span style=\"color: #ff0000;\"><strong data-start=\"715\" data-end=\"769\">Important information about the shuttle &amp; overnight package:<\/strong><\/span><br data-start=\"769\" data-end=\"772\"><span style=\"color: #ff0000;\"><strong data-start=\"806\" data-end=\"837\">The Shuttle &amp; Overnight Package<\/strong> booked as part of the event can be cancelled up to a <strong data-start=\"843\" data-end=\"889\">maximum of 7 days before the event<\/strong>. We are also subject to our<strong data-start=\"928\" data-end=\"960\"> hotel partner&#8217;s cancellation policy.<\/strong> <strong data-start=\"962\" data-end=\"1055\">A goodwill arrangement can therefore only apply to the event ticket.<\/strong> <\/span><\/p>\n<p data-start=\"1057\" data-end=\"1268\">For external events, the respective cancellation period of the external organiser applies to the <strong data-start=\"1095\" data-end=\"1105\">ticket;<\/strong> for the <strong data-start=\"1168\" data-end=\"1199\">Shuttle &amp; Overnight Package<\/strong>, the above-mentioned <strong data-start=\"1235\" data-end=\"1265\">7-day period before the event<\/strong> continues to apply.<\/p>\n<\/div>\n","protected":false},"excerpt":{"rendered":"<p>Unleash your secret desires in a night full of mystery and seduction! Let yourself be whisked away into a hidden world where masks not only cover faces, but also blur the boundaries between reality and fantasy. A mysterious atmosphere full of tingling excitement awaits you, where the air literally crackles with seduction. This exclusive event &#8230; <a title=\"&#8220;soho presents &#8211; behind the mask&#8221;\" class=\"read-more\" href=\"https:\/\/soho-graz.at\/en\/produkt\/soho-presents-behind-the-mask-2\/\" aria-label=\"Read more about &#8220;soho presents &#8211; behind the mask&#8221;\">Read more<\/a><\/p>\n","protected":false},"featured_media":75402,"template":"","meta":{"_acf_changed":false},"product_brand":[],"product_cat":[485,486,489,501],"product_tag":[],"class_list":{"0":"post-75398","1":"product","2":"type-product","3":"status-publish","4":"has-post-thumbnail","6":"product_cat-event-en","7":"product_cat-date","8":"product_cat-may","9":"product_cat-shuttle-overnight-package","11":"first","12":"instock","13":"sold-individually","14":"taxable","15":"shipping-taxable","16":"purchasable","17":"product-type-variable"},"acf":[],"_links":{"self":[{"href":"https:\/\/soho-graz.at\/en\/wp-json\/wp\/v2\/product\/75398","targetHints":{"allow":["GET"]}}],"collection":[{"href":"https:\/\/soho-graz.at\/en\/wp-json\/wp\/v2\/product"}],"about":[{"href":"https:\/\/soho-graz.at\/en\/wp-json\/wp\/v2\/types\/product"}],"wp:featuredmedia":[{"embeddable":true,"href":"https:\/\/soho-graz.at\/en\/wp-json\/wp\/v2\/media\/75402"}],"wp:attachment":[{"href":"https:\/\/soho-graz.at\/en\/wp-json\/wp\/v2\/media?parent=75398"}],"wp:term":[{"taxonomy":"product_brand","embeddable":true,"href":"https:\/\/soho-graz.at\/en\/wp-json\/wp\/v2\/product_brand?post=75398"},{"taxonomy":"product_cat","embeddable":true,"href":"https:\/\/soho-graz.at\/en\/wp-json\/wp\/v2\/product_cat?post=75398"},{"taxonomy":"product_tag","embeddable":true,"href":"https:\/\/soho-graz.at\/en\/wp-json\/wp\/v2\/product_tag?post=75398"}],"curies":[{"name":"wp","href":"https:\/\/api.w.org\/{rel}","templated":true}]}}