{"id":75721,"date":"2025-05-09T13:39:20","date_gmt":"2025-05-09T11:39:20","guid":{"rendered":"https:\/\/soho-graz.at\/?post_type=product&#038;p=75721"},"modified":"2026-04-10T22:20:02","modified_gmt":"2026-04-10T20:20:02","slug":"silent-seduction-presents-the-silent-orgy","status":"publish","type":"product","link":"https:\/\/soho-graz.at\/en\/produkt\/silent-seduction-presents-the-silent-orgy\/","title":{"rendered":"&#8220;silent seduction presents &#8211; the silent orgy&#8221;"},"content":{"rendered":"<div class=\"eventon_desc_in\">\n<p><strong>Elegant. Stylish. Extraordinary.<br \/>\nAn erotic experience with special rules. <\/strong><\/p>\n<p>On 9 May 2026, a special occasion will take place at the SOHO LifestyleClub: <strong>the established event concept \u201cThe Silent Orgy\u201d, created and shaped by SilentSeduction, will be officially handed over to the SOHO LifestyleClub on this evening.<\/strong> This exclusive night marks not only a handover, but the beginning of a new chapter \u2013 with respect for its origins, underpinned by the signature style and quality of SOHO.<\/p>\n<p><strong>\ud83d\udda4 THE SILENT ORGY \u2013 Off<em>icial Handover Event<\/em><\/strong><\/p>\n<p>The Silent Orgy in its most opulent form \u2013 in the unique setting of the SOHO Lifestyle Club. An extraordinary CMNF-style experience with clear rules. Erotic, sophisticated and uninhibited. SilentSeduction presents \u2013 <strong data-start=\"572\" data-end=\"625\">for one last time with D&amp;P as hosts<\/strong> \u2013 a sensual and discreet orgy in the luxurious surroundings of one of Austria\u2019s most exclusive lifestyle clubs. From this night onwards, the concept will be continued and further developed by the SOHO Lifestyle Club. A passionate interplay of pure lust and ecstasy \u2013 for couples, single ladies and a strictly limited selection of stylish single gentlemen.<\/p>\n<p><strong>Character &amp; Atmosphere<\/strong><br \/>\n\u2606 Elegant &amp; exclusive<br \/>\n\u2606 Anonymous &amp; discreet<br \/>\n\u2606 Sophisticated &amp; open-minded<\/p>\n<p>Wir begr\u00fc\u00dft euch mit einem Prosecco-Empfang zwischen 20.30 Uhr und 21:00 Uhr. Um p\u00fcnktliches Erscheinen wird gebeten. Nachdem ihr eingetroffen seid und die Damen sich umgezogen haben, lernt ihr bei einem Welcome-Drink und entspannten Beats die anderen G\u00e4ste kennen. Erste Kontakte werden gekn\u00fcpft und vielsagende Blicke gewechselt. Ein kurzes Kennenlernen an der exklusiven und eleganten Bar des soho.<\/p>\n<p>At 9.30 pm, the doors will close and the evening will officially begin. From this point onwards, there is a strict ban on communication for one hour. <strong>NO TALK. JUST DESIRE. <\/strong><\/p>\n<p>The ladies stroll through the rooms \u2013 accompanied or alone, as they please. No one speaks! Only the ladies make their choice \u2013 wordlessly, through a tender yet unmistakable touch. The game begins. The orgy unfolds. A lustful, deliberate chaos is not only permitted, but encouraged.<\/p>\n<p>After an hour, all guests can once again indulge in verbal communication \u2013 and, of course, continue to give in to their sexual desires. Enjoy an erotic evening in the luxurious surroundings of Soho, with its numerous play areas, well-stocked bar and high-quality finger food buffet.<\/p>\n<p>We place particular emphasis on tolerance, exceptional courtesy and good manners. It goes without saying that during the orgies, the principle applies that nothing happens unless each guest decides to allow it. Taking part does not oblige you to do anything you do not agree with. <strong>We would, however, like to emphasise that this evening is not suitable for guests who are solely interested in \u2018seeing and being seen\u2019.<\/strong><\/p>\n<p>&nbsp;<\/p>\n<p><strong>soho:<\/strong> our guests can expect fine culinary delicacies, first-class drinks and different design rooms with high-quality furnishings.<\/p>\n<p><strong>sound:<\/strong> international sound of soho<\/p>\n<p><strong>society: <\/strong>Doors open from 8.30 pm to 9.00 pm for couples, single ladies and selected single gentlemen. Places are limited, so please book in advance.<\/p>\n<p><strong>Dress code:<\/strong> The ladies reveal a lot and wear a mask, paired with high heels and seductive lingerie, or appear nude with erotic accessories. Masks can also be purchased on site.<\/p>\n<p>Gentlemen must wear a black or dark suit with a tie, or a tuxedo with a bow tie. Smart casual is NOT ACCEPTABLE! A suit or tuxedo is mandatory!!!<\/p>\n<p>&nbsp;<\/p>\n<p><strong>Included in the ticket price:<\/strong><\/p>\n<ul>\n<li>Admission to the event<\/li>\n<li>Finest selected drinks at the bar (excluding champagne, bottled spirits &amp; our selection of fine bottled wines)<\/li>\n<li>All delicacies from our exquisite finger food buffet (also vegetarian\/vegan)<\/li>\n<li>use of all premises<\/li>\n<li>parking area<\/li>\n<\/ul>\n<p>&nbsp;<\/p>\n<p><strong>Shuttle &amp; Overnight Package<\/strong><\/p>\n<p>Our optional Shuttle &amp; Overnight Package for \u20ac159 (price per room for up to 2 people) includes one night&#8217;s accommodation (double room) at the <a href=\"https:\/\/www.radissonhotels.com\/en-us\/hotels\/radisson-graz?cid=a%3Ase+b%3Agmb+c%3Aemea+i%3Alocal+e%3Arad+d%3Acese+h%3AATGRZ1\" target=\"_blank\" rel=\"noopener\">RADISSON Hotel Graz<\/a> (Annenstra\u00dfe 67, 8020 Graz), including the following services:<\/p>\n<ul>\n<li>Hotel check-in from 3:00 p.m.<\/li>\n<li>Shuttle service from the hotel to SOHO and back<\/li>\n<li>Breakfast buffet from 7:00 a.m. to 11:00 a.m.<\/li>\n<li>Late check out until 1 p.m.<\/li>\n<li>Underground parking space available at an additional cost and subject to availability<\/li>\n<\/ul>\n<p><em>(Blue parking zones are free of charge on Saturdays from 1:00 p.m. and all day on Sundays \u2013 please note the signs, as there may be occasional exceptions!)<\/em><\/p>\n<p>We will take care of the booking and processing. Any additional costs incurred must be paid directly at the hotel.<\/p>\n<p>The hotel was newly opened in 2024 and is centrally located near Graz&#8217;s old town, just a few minutes&#8217; walk from the main train station and about 20 minutes from Graz Airport.<\/p>\n<p><span style=\"color: #ff0000;\"><strong>The hotel is located on the northern outskirts of Graz, approximately 10 minutes from the airport and 15 minutes from SOHO, and is easily accessible by car.ACHTUNG: Aus organisatorischen Gr\u00fcnden bitten wir euch, Tickets inklusive des \u00dcbernachtungspakets bis sp\u00e4testens 1 Woche vor dem Veranstaltungsdatum zu buchen. Nach diesem Zeitpunkt k\u00f6nnen Reservierungen nur noch nach Verf\u00fcgbarkeit vorgenommen werden. Thank you for your understanding!<\/strong><\/span><\/p>\n<div class=\"eventon_desc_in\">\n<p>&nbsp;<\/p>\n<p data-start=\"193\" data-end=\"214\"><strong data-start=\"193\" data-end=\"214\">CANCELLATION POLICY:<\/strong> Sometimes life gets in the way \u2013 we understand that. Please let us know at least<strong data-start=\"299\" data-end=\"338\"> one week before the event<\/strong> if you are unable to attend. In this case, we will refund the <strong data-start=\"455\" data-end=\"470\">ticket price<\/strong> already paid by credit card or rebook you for another date free of charge.<\/p>\n<p data-start=\"529\" data-end=\"713\">Unfortunately, ticket prices cannot be refunded for cancellations made during the event week \u2013 however, we always endeavour to find a <strong data-start=\"541\" data-end=\"562\">fair solution regarding the ticket.<\/strong><\/p>\n<p data-start=\"715\" data-end=\"1055\"><span style=\"color: #ff0000;\"><strong data-start=\"715\" data-end=\"769\">Important information about the shuttle &amp; overnight package:<\/strong><\/span><br data-start=\"769\" data-end=\"772\" \/><span style=\"color: #ff0000;\"><strong data-start=\"806\" data-end=\"837\">The Shuttle &amp; Overnight Package<\/strong> booked as part of the event can be cancelled up to a <strong data-start=\"843\" data-end=\"889\">maximum of 7 days before the event<\/strong>. We are also subject to our<strong data-start=\"928\" data-end=\"960\"> hotel partner&#8217;s cancellation policy.<\/strong> <strong data-start=\"962\" data-end=\"1055\">A goodwill arrangement can therefore only apply to the event ticket.<\/strong> <\/span><\/p>\n<p data-start=\"1057\" data-end=\"1268\">For external events, the respective cancellation period of the external organiser applies to the <strong data-start=\"1095\" data-end=\"1105\">ticket;<\/strong> for the <strong data-start=\"1168\" data-end=\"1199\">Shuttle &amp; Overnight Package<\/strong>, the above-mentioned <strong data-start=\"1235\" data-end=\"1265\">7-day period before the event<\/strong> continues to apply.<\/p>\n<\/div>\n<\/div>\n","protected":false},"excerpt":{"rendered":"<p>Elegant. Stylish. Extraordinary. An erotic experience with special rules. On 9 May 2026, a special occasion will take place at the SOHO LifestyleClub: the established event concept \u201cThe Silent Orgy\u201d, created and shaped by SilentSeduction, will be officially handed over to the SOHO LifestyleClub on this evening. This exclusive night marks not only a handover, &#8230; <a title=\"&#8220;silent seduction presents &#8211; the silent orgy&#8221;\" class=\"read-more\" href=\"https:\/\/soho-graz.at\/en\/produkt\/silent-seduction-presents-the-silent-orgy\/\" aria-label=\"Read more about &#8220;silent seduction presents &#8211; the silent orgy&#8221;\">Read more<\/a><\/p>\n","protected":false},"featured_media":76143,"template":"","meta":{"_acf_changed":false},"product_brand":[],"product_cat":[485,489],"product_tag":[],"class_list":{"0":"post-75721","1":"product","2":"type-product","3":"status-publish","4":"has-post-thumbnail","6":"product_cat-event-en","7":"product_cat-may","9":"first","10":"instock","11":"sold-individually","12":"taxable","13":"shipping-taxable","14":"purchasable","15":"product-type-variable"},"acf":[],"_links":{"self":[{"href":"https:\/\/soho-graz.at\/en\/wp-json\/wp\/v2\/product\/75721","targetHints":{"allow":["GET"]}}],"collection":[{"href":"https:\/\/soho-graz.at\/en\/wp-json\/wp\/v2\/product"}],"about":[{"href":"https:\/\/soho-graz.at\/en\/wp-json\/wp\/v2\/types\/product"}],"wp:featuredmedia":[{"embeddable":true,"href":"https:\/\/soho-graz.at\/en\/wp-json\/wp\/v2\/media\/76143"}],"wp:attachment":[{"href":"https:\/\/soho-graz.at\/en\/wp-json\/wp\/v2\/media?parent=75721"}],"wp:term":[{"taxonomy":"product_brand","embeddable":true,"href":"https:\/\/soho-graz.at\/en\/wp-json\/wp\/v2\/product_brand?post=75721"},{"taxonomy":"product_cat","embeddable":true,"href":"https:\/\/soho-graz.at\/en\/wp-json\/wp\/v2\/product_cat?post=75721"},{"taxonomy":"product_tag","embeddable":true,"href":"https:\/\/soho-graz.at\/en\/wp-json\/wp\/v2\/product_tag?post=75721"}],"curies":[{"name":"wp","href":"https:\/\/api.w.org\/{rel}","templated":true}]}}