{"id":75731,"date":"2025-05-30T14:47:41","date_gmt":"2025-05-30T12:47:41","guid":{"rendered":"https:\/\/soho-graz.at\/?post_type=product&#038;p=75731"},"modified":"2026-02-05T22:36:03","modified_gmt":"2026-02-05T21:36:03","slug":"soho-presents-first-touches-kopie-2","status":"publish","type":"product","link":"https:\/\/soho-graz.at\/en\/produkt\/soho-presents-first-touches-kopie-2\/","title":{"rendered":"&#8220;soho presents &#8211; retro romance&#8221;"},"content":{"rendered":"<div class=\"eventon_desc_in\">\n<p><strong><strong>RETRO ROMANCE \u2013 Golden Hits of the 80s, 90s &amp; 2000s \ud83d\udcbf\u2728<\/strong><\/strong><\/p>\n<p>A night full of rhythm, energy and exciting encounters \u2013 welcome to <strong>Golden Retro Romance<\/strong>, the first dance night at Soho that elevates the iconic sound of the 80s, 90s and early 2000s into a luxurious, erotically elegant ambience.<\/p>\n<p><strong data-start=\"441\" data-end=\"496\">DJ SEBBO<\/strong> will accompany you musically through the night \u2013 on a sensual journey through time, from hypnotic love songs to danceable club classics and modern remixes of retro anthems. A night that connects generations \u2013 not as a \u2018party from the past\u2019, but as a sophisticated lifestyle experience where you can celebrate, dance and be seduced. <\/p>\n<p>As always at Soho, the focus is on encounters, <strong>atmosphere, eroticism and style.<\/strong><br \/>\nWhether on the dance floor, at the bar or in the playrooms \u2013 this night invites you to meet new people, flirt and enjoy the atmosphere.<\/p>\n<p>An event for couples and single ladies who are interested in:<br \/>\n\u2728 Dancing<br \/>\n\u2728 Flirting &amp; exciting moments<br \/>\n\u2728 Seductive encounters<br \/>\n\u2728 Adding a new highlight to their party calendar<\/p>\n<h6><\/h6>\n<p><strong>soho:<\/strong> our guests can expect fine culinary delicacies, first-class drinks and different design rooms with high-quality furnishings.<\/p>\n<p><strong>sound:<\/strong> the sound of the 80s, 90s &amp; early 2000s with <strong>DJ SEBBO<\/strong><\/p>\n<p><strong>society: <\/strong>admission from 20:30 to 21:30 only for couples and single ladies. The number of guests is limited, please register in advance.<\/p>\n<p><strong><strong>Dresscode: Elegant, stylish &amp; ready to dance!<\/strong><\/strong><\/p>\n<p><strong>Ladies:<\/strong> Glamorous, feminine and seductive \u2013 whether it&#8217;s an elegant dress, a sexy jumpsuit, a short party dress, an elegant skirt with a top or a glittering retro highlight. The main thing is that you feel irresistible and ready for a night full of rhythm and flirting. <\/p>\n<p><strong>Gentlemen: <\/strong>Stylish and smart \u2013 at least elegant trousers, a long-sleeved shirt and high-quality shoes. If you wish, you are welcome to score points with a jacket, suit or charismatic retro accents such as braces, waistcoat or tie. <\/p>\n<p><strong><span style=\"color: #ff0000;\">Not welcome: jeans, T-shirts, sportswear, trainers or casual wear!<\/span><\/strong><\/p>\n<p>&nbsp;<\/p>\n<p><strong>Included in the ticket price:<\/strong><\/p>\n<ul>\n<li>Admission to the event<\/li>\n<li>Finest selected drinks at the bar (excluding champagne, bottled spirits &amp; our selection of fine bottled wines)<\/li>\n<li>All delicacies from our exquisite finger food buffet (also vegetarian\/vegan)<\/li>\n<li>use of all premises<\/li>\n<li>parking area<\/li>\n<\/ul>\n<p>&nbsp;<\/p>\n<p><strong>Shuttle &amp; Overnight Package<\/strong><\/p>\n<p>Our optional Shuttle &amp; Overnight Package for \u20ac159 (price per room for up to 2 people) includes one night&#8217;s accommodation (double room) at the <a href=\"https:\/\/www.radissonhotels.com\/en-us\/hotels\/radisson-graz?cid=a%3Ase+b%3Agmb+c%3Aemea+i%3Alocal+e%3Arad+d%3Acese+h%3AATGRZ1\" target=\"_blank\" rel=\"noopener\">RADISSON Hotel Graz<\/a> (Annenstra\u00dfe 67, 8020 Graz), including folgender Leistungen:<\/p>\n<ul>\n<li>Hotel check-in from 3:00 p.m.<\/li>\n<li>Shuttle service from the hotel to SOHO and back<\/li>\n<li>Breakfast buffet from 7:00 a.m. to 11:00 a.m.<\/li>\n<li>Late check out until 1 p.m.<\/li>\n<li>Underground parking space available at an additional cost and subject to availability<\/li>\n<\/ul>\n<p><em>(Blue parking zones are free of charge on Saturdays from 1:00 p.m. and all day on Sundays \u2013 please note the signs, as there may be occasional exceptions!)<\/em><\/p>\n<p>We will take care of the booking and processing. Any additional costs incurred must be paid directly at the hotel. <\/p>\n<p>The hotel was newly opened in 2024 and is centrally located near Graz&#8217;s old town, just a few minutes&#8217; walk from the main train station and about 20 minutes from Graz Airport.<\/p>\n<p><span style=\"color: #ff0000;\"><strong>The hotel is located on the northern outskirts of Graz, approximately 10 minutes from the airport and 15 minutes from SOHO, and is easily accessible by car.ACHTUNG: Aus organisatorischen Gr\u00fcnden bitten wir euch, Tickets inklusive des \u00dcbernachtungspakets bis sp\u00e4testens 1 Woche vor dem Veranstaltungsdatum zu buchen. Nach diesem Zeitpunkt k\u00f6nnen Reservierungen nur noch nach Verf\u00fcgbarkeit vorgenommen werden.  Thank you for your understanding!<\/strong><\/span><\/p>\n<div class=\"eventon_desc_in\">\n<p>&nbsp;<\/p>\n<p data-start=\"193\" data-end=\"214\"><strong data-start=\"193\" data-end=\"214\">CANCELLATION POLICY:<\/strong> Sometimes life gets in the way \u2013 we understand that. Please let us know at least<strong data-start=\"299\" data-end=\"338\"> one week before the event<\/strong> if you are unable to attend. In this case, we will refund the <strong data-start=\"455\" data-end=\"470\">ticket price<\/strong> already paid by credit card or rebook you for another date free of charge.  <\/p>\n<p data-start=\"529\" data-end=\"713\">Unfortunately, ticket prices cannot be refunded for cancellations made during the event week \u2013 however, we always endeavour to find a <strong data-start=\"541\" data-end=\"562\">fair solution regarding the ticket.<\/strong><\/p>\n<p data-start=\"715\" data-end=\"1055\"><span style=\"color: #ff0000;\"><strong data-start=\"715\" data-end=\"769\">Important information about the shuttle &amp; overnight package:<\/strong><\/span><br data-start=\"769\" data-end=\"772\"><span style=\"color: #ff0000;\"><strong data-start=\"806\" data-end=\"837\">The Shuttle &amp; Overnight Package<\/strong> booked as part of the event can be cancelled up to a <strong data-start=\"843\" data-end=\"889\">maximum of 7 days before the event<\/strong>. We are also subject to our<strong data-start=\"928\" data-end=\"960\"> hotel partner&#8217;s cancellation policy.<\/strong> <strong data-start=\"962\" data-end=\"1055\">A goodwill arrangement can therefore only apply to the event ticket.<\/strong> <\/span><\/p>\n<p data-start=\"1057\" data-end=\"1268\">For external events, the respective cancellation period of the external organiser applies to the <strong data-start=\"1095\" data-end=\"1105\">ticket;<\/strong> for the <strong data-start=\"1168\" data-end=\"1199\">Shuttle &amp; Overnight Package<\/strong>, the above-mentioned <strong data-start=\"1235\" data-end=\"1265\">7-day period before the event<\/strong> continues to apply.<\/p>\n<\/div>\n<\/div>\n","protected":false},"excerpt":{"rendered":"<p>RETRO ROMANCE \u2013 Golden Hits of the 80s, 90s &amp; 2000s \ud83d\udcbf\u2728 A night full of rhythm, energy and exciting encounters \u2013 welcome to Golden Retro Romance, the first dance night at Soho that elevates the iconic sound of the 80s, 90s and early 2000s into a luxurious, erotically elegant ambience. DJ SEBBO will accompany &#8230; <a title=\"&#8220;soho presents &#8211; retro romance&#8221;\" class=\"read-more\" href=\"https:\/\/soho-graz.at\/en\/produkt\/soho-presents-first-touches-kopie-2\/\" aria-label=\"Read more about &#8220;soho presents &#8211; retro romance&#8221;\">Read more<\/a><\/p>\n","protected":false},"featured_media":75771,"template":"","meta":{"_acf_changed":false},"product_brand":[],"product_cat":[485,486,489,501],"product_tag":[],"class_list":{"0":"post-75731","1":"product","2":"type-product","3":"status-publish","4":"has-post-thumbnail","6":"product_cat-event-en","7":"product_cat-date","8":"product_cat-may","9":"product_cat-shuttle-overnight-package","11":"first","12":"instock","13":"sold-individually","14":"taxable","15":"shipping-taxable","16":"purchasable","17":"product-type-variable"},"acf":[],"_links":{"self":[{"href":"https:\/\/soho-graz.at\/en\/wp-json\/wp\/v2\/product\/75731","targetHints":{"allow":["GET"]}}],"collection":[{"href":"https:\/\/soho-graz.at\/en\/wp-json\/wp\/v2\/product"}],"about":[{"href":"https:\/\/soho-graz.at\/en\/wp-json\/wp\/v2\/types\/product"}],"wp:featuredmedia":[{"embeddable":true,"href":"https:\/\/soho-graz.at\/en\/wp-json\/wp\/v2\/media\/75771"}],"wp:attachment":[{"href":"https:\/\/soho-graz.at\/en\/wp-json\/wp\/v2\/media?parent=75731"}],"wp:term":[{"taxonomy":"product_brand","embeddable":true,"href":"https:\/\/soho-graz.at\/en\/wp-json\/wp\/v2\/product_brand?post=75731"},{"taxonomy":"product_cat","embeddable":true,"href":"https:\/\/soho-graz.at\/en\/wp-json\/wp\/v2\/product_cat?post=75731"},{"taxonomy":"product_tag","embeddable":true,"href":"https:\/\/soho-graz.at\/en\/wp-json\/wp\/v2\/product_tag?post=75731"}],"curies":[{"name":"wp","href":"https:\/\/api.w.org\/{rel}","templated":true}]}}