{"id":75775,"date":"2025-07-04T10:09:14","date_gmt":"2025-07-04T08:09:14","guid":{"rendered":"https:\/\/soho-graz.at\/?post_type=product&#038;p=75775"},"modified":"2026-02-24T15:33:45","modified_gmt":"2026-02-24T14:33:45","slug":"soho-presents-first-touches-kopie-kopie","status":"publish","type":"product","link":"https:\/\/soho-graz.at\/en\/produkt\/soho-presents-first-touches-kopie-kopie\/","title":{"rendered":"&#8220;birthday beats &#8211; mainstage edition&#8221;"},"content":{"rendered":"<div class=\"eventon_desc_in\">\n<h5 data-start=\"473\" data-end=\"904\"><strong>Summer is going to be hot \u2013 and Birgit is making sure of it! \ud83d\udd25<\/strong><\/h5>\n<p>On <strong>4 July 2026,<\/strong> SOHO will be transformed into a <strong>BIRTHDAY edition<\/strong> for one evening: basically a normal club night \u2013 but with the added bonus that our host Birgit will be celebrating her 39th birthday. <strong>39 &amp; fabulous<\/strong> \u2013 reason enough to make the night a little wilder, louder and even hotter \ud83d\ude0f <\/p>\n<p style=\"text-align: center;\">And you&#8217;ll feel this extra something especially on the dance floor:<br \/>\n<span style=\"color: #ff0000;\">On this evening, you can expect main stage sound \u2013 festival-ready EDM, house and techno beats with maximum energy.<\/span><br \/>\nThe sound is intense and energetic <strong>without losing the elegant club atmosphere<\/strong> \u2013 perfect for dancing, enjoying yourself, flirting and playing.<\/p>\n<h5 style=\"text-align: center;\"><span style=\"color: #ff0000;\">\ud83c\udfa7 MUSIC SPECIAL: Resident DJ <strong>Steevy Matheano<\/strong> provides the special musical drive: <strong>EDM | House | Techno<\/strong><\/span><\/h5>\n<hr>\n<p data-start=\"1397\" data-end=\"1437\">\ud83d\udc57 <strong data-start=\"1400\" data-end=\"1435\">Dresscode \u2013 Sexy Elegant Summer<\/strong><\/p>\n<ul data-start=\"1438\" data-end=\"1625\">\n<li data-start=\"1438\" data-end=\"1530\">\n<p data-start=\"1440\" data-end=\"1530\"><strong data-start=\"1440\" data-end=\"1451\">Ladies:<\/strong> light, elegant, seductive \u2013 show off your most beautiful summer side.<\/p>\n<\/li>\n<li data-start=\"1531\" data-end=\"1625\">\n<p data-start=\"1533\" data-end=\"1625\"><strong data-start=\"1533\" data-end=\"1547\">Gentlemen:<\/strong> long trousers and long-sleeved shirts \u2013 preferably in light, summery fabrics.<\/p>\n<\/li>\n<\/ul>\n<hr>\n<p data-start=\"1627\" data-end=\"1653\">\ud83c\udf78 <strong data-start=\"1630\" data-end=\"1651\">Birthday Specials<\/strong><\/p>\n<ul data-start=\"1654\" data-end=\"1794\">\n<li data-start=\"1654\" data-end=\"1716\">\n<p data-start=\"1656\" data-end=\"1716\"><strong data-start=\"1656\" data-end=\"1683\">Birgit&#8217;s Birthday Drink<\/strong> \u2013 exclusively on this evening only<\/p>\n<\/li>\n<li data-start=\"1717\" data-end=\"1794\">\n<p data-start=\"1719\" data-end=\"1794\">SPECIAL Surprise for the Ladies only \u2728 (We won&#8217;t reveal any more&#8230;)<\/p>\n<\/li>\n<\/ul>\n<hr>\n<p data-start=\"1796\" data-end=\"2005\"><strong data-start=\"1718\" data-end=\"1743\">\ud83d\udd11 Society &amp; Couple Plus<\/strong><br data-start=\"1743\" data-end=\"1746\">Admission from 8:30 p.m. to 9:30 p.m.<strong data-start=\"1797\" data-end=\"1821\"> for couples &amp; single ladies &amp; recommended solo gentlemen.<\/strong><br data-start=\"1822\" data-end=\"1825\"><strong data-start=\"1845\" data-end=\"1860\">Couple Plus <\/strong>is possible on this evening: couples have the opportunity to bring an <strong data-start=\"1899\" data-end=\"1933\">additional solo gentleman. Solo <\/strong>gentlemen can only participate upon recommendation by a couple \u2013 this ensures that the night remains stylish, exclusive and perfectly balanced. <\/p>\n<p data-start=\"1796\" data-end=\"2005\"><strong data-start=\"1799\" data-end=\"1811\">\ud83d\udc8e Location<\/strong><br data-start=\"1811\" data-end=\"1814\">Fine culinary delicacies, first-class drinks and stylishly designed rooms (playgrounds) with high-quality furnishings \u2013 the perfect setting for a summer evening with a special flair.<\/p>\n<p data-start=\"2007\" data-end=\"2111\"><strong data-start=\"2010\" data-end=\"2031\">\ud83d\udda4 Admission* &amp; Rules<\/strong><br data-start=\"2031\" data-end=\"2034\">Admission as usual. Everything else remains sensual, exciting and exclusive. <\/p>\n<hr>\n<p data-start=\"2113\" data-end=\"2297\">Let your <strong data-start=\"2128\" data-end=\"2156\">host Birgit <\/strong>guide you through a night full of music, seduction and unforgettable moments.<br data-start=\"2234\" data-end=\"2237\"><strong>BIRTHDAY BEATS \u2013 MAINSTAGE EDITION<\/strong>. Hot. Loud. Elegant. \ud83d\udc8b<\/p>\n<p>&nbsp;<\/p>\n<p><strong>Included in the ticket price:<\/strong><\/p>\n<ul>\n<li>Admission to the event<\/li>\n<li>Finest selected drinks at the bar (excluding champagne, bottled spirits &amp; our selection of fine bottled wines)<\/li>\n<li>All delicacies from our exquisite finger food buffet (also vegetarian\/vegan)<\/li>\n<li>use of all premises<\/li>\n<li>parking area<\/li>\n<\/ul>\n<p>&nbsp;<\/p>\n<p>Shuttle &amp; Overnight Package: Our optional Shuttle &amp; Overnight Package for \u20ac159 (price per room for up to 2 people) includes one night&#8217;s accommodation (double room) at the <a href=\"https:\/\/www.radissonhotels.com\/en-us\/hotels\/radisson-graz?cid=a%3Ase+b%3Agmb+c%3Aemea+i%3Alocal+e%3Arad+d%3Acese+h%3AATGRZ1\" target=\"_blank\" rel=\"noopener\">RADISSON Hotel Graz<\/a> (Annenstra\u00dfe 67, 8020 Graz) incl. folgender Leistungen:<\/p>\n<ul>\n<li>Hotel check-in from 3:00 p.m.<\/li>\n<li>Shuttle service from the hotel to SOHO and back<\/li>\n<li>Breakfast buffet from 7:00 a.m. to 11:00 a.m.<\/li>\n<li>Late check out until 1 p.m.<\/li>\n<li>Underground parking space available at an additional cost and subject to availability<\/li>\n<\/ul>\n<p><em>(Blue parking zones are free of charge on Saturdays from 1:00 p.m. and all day on Sundays \u2013 please note the signs, as there may be occasional exceptions!)<\/em><\/p>\n<p>We will take care of the booking and processing. Any additional costs incurred must be paid directly at the hotel. <\/p>\n<p>The hotel was newly opened in 2024 and is centrally located near Graz&#8217;s old town, just a few minutes&#8217; walk from the main train station and about 20 minutes from Graz Airport.<\/p>\n<p><strong>The hotel is located on the northern outskirts of Graz, approximately 10 minutes from the airport and 15 minutes from SOHO, and is easily accessible by car.ACHTUNG: Aus organisatorischen Gr\u00fcnden bitten wir euch, Tickets inklusive des \u00dcbernachtungspakets bis sp\u00e4testens 1 Woche vor dem Veranstaltungsdatum zu buchen. Nach diesem Zeitpunkt k\u00f6nnen Reservierungen nur noch nach Verf\u00fcgbarkeit vorgenommen werden.  Thank you for your understanding!<\/strong><\/p>\n<div class=\"eventon_desc_in\">\n<p>&nbsp;<\/p>\n<p data-start=\"193\" data-end=\"214\"><span style=\"color: #ff0000;\"><strong data-start=\"193\" data-end=\"214\">CANCELLATION POLICY: <\/strong>Sometimes life gets in the way \u2013 we understand that. Please let us know at least <strong data-start=\"299\" data-end=\"338\">one week before the event<\/strong> if you are unable to attend. In this case, we will refund the <strong data-start=\"455\" data-end=\"470\">ticket price<\/strong> already paid by credit card or rebook you for another date free of charge.   <\/span><\/p>\n<p data-start=\"193\" data-end=\"214\"><span style=\"color: #ff0000;\">Unfortunately, ticket prices cannot be refunded for cancellations made during the event week \u2013 however, we always endeavour to find a <strong data-start=\"541\" data-end=\"562\">fair solution regarding the ticket.<\/strong><\/span><\/p>\n<p data-start=\"715\" data-end=\"1055\"><span style=\"color: #ff0000;\"><strong data-start=\"715\" data-end=\"769\">Important information about the shuttle &amp; overnight package:<\/strong><\/span><br data-start=\"769\" data-end=\"772\"><span style=\"color: #ff0000;\">The <strong data-start=\"806\" data-end=\"837\">Shuttle &amp; Overnight Package<\/strong> booked as part of the event can be cancelled <strong data-start=\"843\" data-end=\"889\">up to a maximum of 7 days before the event.<\/strong> We are also subject to <strong data-start=\"928\" data-end=\"960\">our hotel partner&#8217;s cancellation policy<\/strong>.<strong data-start=\"962\" data-end=\"1055\"> A goodwill arrangement can therefore only apply to the event ticket.<\/strong>  <\/span><\/p>\n<p data-start=\"715\" data-end=\"1055\">For external events, the respective cancellation period of the external organiser applies to the <strong data-start=\"1095\" data-end=\"1105\">ticket;<\/strong> for the <strong data-start=\"1168\" data-end=\"1199\">Shuttle &amp; Overnight Package<\/strong>, the above-mentioned <strong data-start=\"1235\" data-end=\"1265\">7-day period before the event<\/strong> continues to apply.<\/p>\n<\/div>\n<\/div>\n","protected":false},"excerpt":{"rendered":"<p>Summer is going to be hot \u2013 and Birgit is making sure of it! \ud83d\udd25 On 4 July 2026, SOHO will be transformed into a BIRTHDAY edition for one evening: basically a normal club night \u2013 but with the added bonus that our host Birgit will be celebrating her 39th birthday. 39 &amp; fabulous \u2013 &#8230; <a title=\"&#8220;birthday beats &#8211; mainstage edition&#8221;\" class=\"read-more\" href=\"https:\/\/soho-graz.at\/en\/produkt\/soho-presents-first-touches-kopie-kopie\/\" aria-label=\"Read more about &#8220;birthday beats &#8211; mainstage edition&#8221;\">Read more<\/a><\/p>\n","protected":false},"featured_media":76065,"template":"","meta":{"_acf_changed":false},"product_brand":[],"product_cat":[485,491],"product_tag":[],"class_list":{"0":"post-75775","1":"product","2":"type-product","3":"status-publish","4":"has-post-thumbnail","6":"product_cat-event-en","7":"product_cat-july","9":"first","10":"instock","11":"sold-individually","12":"taxable","13":"shipping-taxable","14":"purchasable","15":"product-type-variable"},"acf":[],"_links":{"self":[{"href":"https:\/\/soho-graz.at\/en\/wp-json\/wp\/v2\/product\/75775","targetHints":{"allow":["GET"]}}],"collection":[{"href":"https:\/\/soho-graz.at\/en\/wp-json\/wp\/v2\/product"}],"about":[{"href":"https:\/\/soho-graz.at\/en\/wp-json\/wp\/v2\/types\/product"}],"wp:featuredmedia":[{"embeddable":true,"href":"https:\/\/soho-graz.at\/en\/wp-json\/wp\/v2\/media\/76065"}],"wp:attachment":[{"href":"https:\/\/soho-graz.at\/en\/wp-json\/wp\/v2\/media?parent=75775"}],"wp:term":[{"taxonomy":"product_brand","embeddable":true,"href":"https:\/\/soho-graz.at\/en\/wp-json\/wp\/v2\/product_brand?post=75775"},{"taxonomy":"product_cat","embeddable":true,"href":"https:\/\/soho-graz.at\/en\/wp-json\/wp\/v2\/product_cat?post=75775"},{"taxonomy":"product_tag","embeddable":true,"href":"https:\/\/soho-graz.at\/en\/wp-json\/wp\/v2\/product_tag?post=75775"}],"curies":[{"name":"wp","href":"https:\/\/api.w.org\/{rel}","templated":true}]}}