{"id":75817,"date":"2025-07-25T10:36:35","date_gmt":"2025-07-25T08:36:35","guid":{"rendered":"https:\/\/soho-graz.at\/?post_type=product&#038;p=75817"},"modified":"2026-02-05T22:38:10","modified_gmt":"2026-02-05T21:38:10","slug":"soho-presents-white-paradise-kopie","status":"publish","type":"product","link":"https:\/\/soho-graz.at\/en\/produkt\/soho-presents-white-paradise-kopie\/","title":{"rendered":"&#8220;soho presents &#8211; white paradise&#8221;"},"content":{"rendered":"<div class=\"eventon_desc_in\">\n<h4 data-start=\"306\" data-end=\"388\"><strong data-start=\"306\" data-end=\"357\">White Paradise \u2013 The night of sweet temptation! <\/strong><\/h4>\n<\/div>\n<div class=\"eventon_desc_in\">\n<p data-start=\"390\" data-end=\"597\">The hottest temptation of the summer meets a sensual hideaway full of secrets: <strong data-start=\"481\" data-end=\"499\">White Paradise<\/strong> invites you to a night that begins innocently&#8230; and ends in unbridled passion.<\/p>\n<p data-start=\"390\" data-end=\"597\">When the seductive elegance of <strong data-start=\"640\" data-end=\"662\">White Summer Night<\/strong> combines with the secret ecstasy of <strong data-start=\"692\" data-end=\"711\">Hidden Paradise<\/strong>, the result is a place where desire knows no bounds. Enveloped in radiant white, beguiled by the scent of a warm summer night and electrified by crackling tension, an experience unfolds that will remain in your memory for a long time to come. <\/p>\n<p data-start=\"961\" data-end=\"1249\">Refreshing, ice-cold drinks will tickle your senses, while <strong>DJ Steevy Matheano<\/strong> gets your bodies moving with hot beats. In a stylish atmosphere with matching d\u00e9cor, our secret playgrounds open up \u2013 ready for those who dare to taste the forbidden fruit. <\/p>\n<p data-start=\"1251\" data-end=\"1516\">Our photographer captures your hottest moments at the beginning of the night \u2013 memories of an evening full of style, longing and ecstasy. Whether delicate lingerie, summery chic or seductive white: show yourselves as you feel \u2013 sensual, free, full of desire. <\/p>\n<p data-start=\"1251\" data-end=\"1516\"><strong>This exclusive night is the last opportunity before the summer break to unleash your senses and sink into unforgettable ecstasy. Let&#8217;s celebrate this highlight together! <\/strong><\/p>\n<h6><\/h6>\n<p><strong>soho<\/strong>: Our guests can expect fine culinary delicacies, first-class drinks and various design rooms (playgrounds) with high-quality equipment.<\/p>\n<p><strong>sound: <\/strong>Clubsound, House, Dance, Electro &amp; lasziv Beatswit<strong><em>h DJ Steevy Matheano<\/em><\/strong><\/p>\n<p><strong>society:<\/strong> admission from 20:30 to 21:30 for couples &amp; single ladies. The number of guests is limited, we ask for prior registration. <\/p>\n<p data-start=\"170\" data-end=\"245\"><strong data-start=\"170\" data-end=\"245\">dress code: ALL WHITE \u2013 Seductive innocence meets tropical ecstasy<\/strong><\/p>\n<p data-start=\"170\" data-end=\"245\">On this special evening, we immerse ourselves in a world of white \u2013 pure, stylish and full of crackling excitement. The colour of innocence becomes a game of imagination \u2013 because what lies beneath remains your little secret&#8230; <\/p>\n<p data-start=\"247\" data-end=\"491\"><strong data-start=\"495\" data-end=\"505\">Ladies, <\/strong>show yourselves off in elegant white dresses \u2013 whether long and flowing, short and seductive, or playful with delicate lace details. Sexy skirts, exciting tops, or seductive lingerie in white? We&#8217;d love to see it \u2013 sensuality is expressly desired.  <\/p>\n<p data-start=\"758\" data-end=\"963\"><strong data-start=\"760\" data-end=\"773\">Gentlemen, <\/strong>go for class with white suits, fine fabric trousers and stylish white long-sleeved shirts. Whether elegant in a tuxedo or relaxed and stylish with white trainers \u2013 the only important thing is to be dressed in <strong data-start=\"937\" data-end=\"962\">white from head to toe<\/strong>. Please note: shorts, short-sleeved shirts, slippers or flip-flops are an absolute no-go!  <\/p>\n<p data-start=\"965\" data-end=\"1086\">Together, we create a sensual, elegant image \u2013 a paradise in white that opens only for this one night.<\/p>\n<p>&nbsp;<\/p>\n<p><strong>Included in the ticket price:<\/strong><\/p>\n<ul>\n<li>Admission to the event<\/li>\n<li>Finest selected drinks at the bar (excluding champagne, bottled spirits &amp; our selection of fine bottled wines)<\/li>\n<li>All delicacies from our exquisite finger food buffet (also vegetarian\/vegan)<\/li>\n<li>use of all premises<\/li>\n<li>parking area<\/li>\n<\/ul>\n<\/div>\n<p>&nbsp;<\/p>\n<p><strong>Shuttle &amp; Overnight Package<\/strong><\/p>\n<p>Our optional Shuttle &amp; Overnight Package for \u20ac159 (price per room for up to 2 people) includes one night&#8217;s accommodation (double room) at the <a href=\"https:\/\/www.radissonhotels.com\/en-us\/hotels\/radisson-graz?cid=a%3Ase+b%3Agmb+c%3Aemea+i%3Alocal+e%3Arad+d%3Acese+h%3AATGRZ1\" target=\"_blank\" rel=\"noopener\">RADISSON Hotel Graz<\/a> (Annenstra\u00dfe 67, 8020 Graz), including folgender Leistungen:<\/p>\n<ul>\n<li>Hotel check-in from 3:00 p.m.<\/li>\n<li>Shuttle service from the hotel to SOHO and back<\/li>\n<li>Breakfast buffet from 7:00 a.m. to 11:00 a.m.<\/li>\n<li>Late check out until 1 p.m.<\/li>\n<li>Underground parking space available at an additional cost and subject to availability<\/li>\n<\/ul>\n<p><em>(Blue parking zones are free of charge on Saturdays from 1:00 p.m. and all day on Sundays \u2013 please note the signs, as there may be occasional exceptions!)<\/em><\/p>\n<p>We will take care of the booking and processing. Any additional costs incurred must be paid directly at the hotel. <\/p>\n<p>The hotel was newly opened in 2024 and is centrally located near Graz&#8217;s old town, just a few minutes&#8217; walk from the main train station and about 20 minutes from Graz Airport.<\/p>\n<p><strong><span style=\"color: #ff0000;\">The hotel is located on the northern outskirts of Graz, approximately 10 minutes from the airport and 15 minutes from SOHO, and is easily accessible by car.ACHTUNG: Aus organisatorischen Gr\u00fcnden bitten wir euch, Tickets inklusive des \u00dcbernachtungspakets bis sp\u00e4testens 1 Woche vor dem Veranstaltungsdatum zu buchen. Nach diesem Zeitpunkt k\u00f6nnen Reservierungen nur noch nach Verf\u00fcgbarkeit vorgenommen werden.  Thank you for your understanding!<\/span><\/strong><\/p>\n<p>&nbsp;<\/p>\n<div class=\"eventon_desc_in\">\n<p data-start=\"193\" data-end=\"214\"><strong data-start=\"193\" data-end=\"214\">CANCELLATION POLICY:<\/strong> Sometimes life gets in the way \u2013 we understand that. Please let us know at least<strong data-start=\"299\" data-end=\"338\"> one week before the event<\/strong> if you are unable to attend. In this case, we will refund the <strong data-start=\"455\" data-end=\"470\">ticket price<\/strong> already paid by credit card or rebook you for another date free of charge.  <\/p>\n<p data-start=\"529\" data-end=\"713\">Unfortunately, ticket prices cannot be refunded for cancellations made during the event week \u2013 however, we always endeavour to find a <strong data-start=\"541\" data-end=\"562\">fair solution regarding the ticket.<\/strong><\/p>\n<p data-start=\"715\" data-end=\"1055\"><span style=\"color: #ff0000;\"><strong data-start=\"715\" data-end=\"769\">Important information about the shuttle &amp; overnight package:<\/strong><\/span><br data-start=\"769\" data-end=\"772\"><span style=\"color: #ff0000;\"><strong data-start=\"806\" data-end=\"837\">The Shuttle &amp; Overnight Package<\/strong> booked as part of the event can be cancelled up to a <strong data-start=\"843\" data-end=\"889\">maximum of 7 days before the event<\/strong>. We are also subject to our<strong data-start=\"928\" data-end=\"960\"> hotel partner&#8217;s cancellation policy.<\/strong> <strong data-start=\"962\" data-end=\"1055\">A goodwill arrangement can therefore only apply to the event ticket.<\/strong> <\/span><\/p>\n<p data-start=\"1057\" data-end=\"1268\">For external events, the respective cancellation period of the external organiser applies to the <strong data-start=\"1095\" data-end=\"1105\">ticket;<\/strong> for the <strong data-start=\"1168\" data-end=\"1199\">Shuttle &amp; Overnight Package<\/strong>, the above-mentioned <strong data-start=\"1235\" data-end=\"1265\">7-day period before the event<\/strong> continues to apply.<\/p>\n<\/div>\n","protected":false},"excerpt":{"rendered":"<p>White Paradise \u2013 The night of sweet temptation! The hottest temptation of the summer meets a sensual hideaway full of secrets: White Paradise invites you to a night that begins innocently&#8230; and ends in unbridled passion. When the seductive elegance of White Summer Night combines with the secret ecstasy of Hidden Paradise, the result is &#8230; <a title=\"&#8220;soho presents &#8211; white paradise&#8221;\" class=\"read-more\" href=\"https:\/\/soho-graz.at\/en\/produkt\/soho-presents-white-paradise-kopie\/\" aria-label=\"Read more about &#8220;soho presents &#8211; white paradise&#8221;\">Read more<\/a><\/p>\n","protected":false},"featured_media":75821,"template":"","meta":{"_acf_changed":false},"product_brand":[],"product_cat":[485,486,491,501],"product_tag":[],"class_list":{"0":"post-75817","1":"product","2":"type-product","3":"status-publish","4":"has-post-thumbnail","6":"product_cat-event-en","7":"product_cat-date","8":"product_cat-july","9":"product_cat-shuttle-overnight-package","11":"first","12":"instock","13":"sold-individually","14":"taxable","15":"shipping-taxable","16":"purchasable","17":"product-type-variable"},"acf":[],"_links":{"self":[{"href":"https:\/\/soho-graz.at\/en\/wp-json\/wp\/v2\/product\/75817","targetHints":{"allow":["GET"]}}],"collection":[{"href":"https:\/\/soho-graz.at\/en\/wp-json\/wp\/v2\/product"}],"about":[{"href":"https:\/\/soho-graz.at\/en\/wp-json\/wp\/v2\/types\/product"}],"wp:featuredmedia":[{"embeddable":true,"href":"https:\/\/soho-graz.at\/en\/wp-json\/wp\/v2\/media\/75821"}],"wp:attachment":[{"href":"https:\/\/soho-graz.at\/en\/wp-json\/wp\/v2\/media?parent=75817"}],"wp:term":[{"taxonomy":"product_brand","embeddable":true,"href":"https:\/\/soho-graz.at\/en\/wp-json\/wp\/v2\/product_brand?post=75817"},{"taxonomy":"product_cat","embeddable":true,"href":"https:\/\/soho-graz.at\/en\/wp-json\/wp\/v2\/product_cat?post=75817"},{"taxonomy":"product_tag","embeddable":true,"href":"https:\/\/soho-graz.at\/en\/wp-json\/wp\/v2\/product_tag?post=75817"}],"curies":[{"name":"wp","href":"https:\/\/api.w.org\/{rel}","templated":true}]}}